{"id":7892,"date":"2024-05-10T12:54:35","date_gmt":"2024-05-10T12:54:35","guid":{"rendered":"https:\/\/tools4seedsystems.org\/?page_id=7892"},"modified":"2024-08-29T14:57:55","modified_gmt":"2024-08-29T14:57:55","slug":"cultures-rtb-dans-des-contextes-humanitaires","status":"publish","type":"page","link":"https:\/\/tools4seedsystems.org\/fr\/cultures-rtb-dans-des-contextes-humanitaires\/","title":{"rendered":"Cultures RTB dans des contextes humanitaires"},"content":{"rendered":"<section class=\"l-section wpb_row height_small\"><div class=\"l-section-h i-cf\"><div class=\"g-cols vc_row via_flex valign_top type_default stacking_default\"><div class=\"vc_col-sm-12 wpb_column vc_column_container\"><div class=\"vc_column-inner\"><div class=\"wpb_wrapper\"><div class=\"wpb_text_column\"><div class=\"wpb_wrapper\"><p><span data-contrast=\"auto\" xml:lang=\"FR-FR\" lang=\"FR-FR\" class=\"TextRun SCXW217163568 BCX0\"><span class=\"NormalTextRun SCXW217163568 BCX0\">Dans les contextes humanitaires, o\u00f9 les communaut\u00e9s sont aux prises avec des conflits, des catastrophes naturelles et des d\u00e9placements, l\u2019acc\u00e8s \u00e0 des sources alimentaires stables est souvent pr\u00e9caire. Les cultures de racines, tubercules et bananes (RTB) sont des bou\u00e9es de sauvetage vitales dans ces contextes, offrant subsistance, r\u00e9silience et espoir pour la reconstruction des communaut\u00e9s <\/span><span class=\"NormalTextRun SCXW217163568 BCX0\">affect<\/span><span class=\"NormalTextRun SCXW217163568 BCX0\">\u00e9es.<\/span><\/span><span class=\"EOP SCXW217163568 BCX0\" data-ccp-props=\"{&quot;134233117&quot;:true,&quot;134233118&quot;:true,&quot;201341983&quot;:0,&quot;335551550&quot;:1,&quot;335551620&quot;:1,&quot;335559685&quot;:0,&quot;335559737&quot;:0,&quot;335559739&quot;:160,&quot;335559740&quot;:240}\">\u00a0<\/span><\/p>\n<\/div><\/div><div class=\"g-cols wpb_row via_flex valign_top type_default stacking_default\"><div class=\"vc_col-sm-4 wpb_column vc_column_container\"><div class=\"vc_column-inner\"><div class=\"wpb_wrapper\"><div class=\"w-image align_center\"><div class=\"w-image-h\"><img decoding=\"async\" width=\"900\" height=\"700\" data-src=\"https:\/\/tools4seedsystems.org\/wp-content\/uploads\/2024\/05\/202405-Replanted-cassava-cuttings.png\" class=\"attachment-large size-large lazyload\" alt=\"\" data-srcset=\"https:\/\/tools4seedsystems.org\/wp-content\/uploads\/2024\/05\/202405-Replanted-cassava-cuttings.png 900w, https:\/\/tools4seedsystems.org\/wp-content\/uploads\/2024\/05\/202405-Replanted-cassava-cuttings-300x233.png 300w, https:\/\/tools4seedsystems.org\/wp-content\/uploads\/2024\/05\/202405-Replanted-cassava-cuttings-200x156.png 200w, https:\/\/tools4seedsystems.org\/wp-content\/uploads\/2024\/05\/202405-Replanted-cassava-cuttings-514x400.png 514w\" data-sizes=\"auto, (max-width: 900px) 100vw, 900px\" src=\"data:image\/svg+xml;base64,PHN2ZyB3aWR0aD0iMSIgaGVpZ2h0PSIxIiB4bWxucz0iaHR0cDovL3d3dy53My5vcmcvMjAwMC9zdmciPjwvc3ZnPg==\" style=\"--smush-placeholder-width: 900px; --smush-placeholder-aspect-ratio: 900\/700;\" \/><\/div><\/div><div class=\"w-separator size_small\"><\/div><div class=\"wpb_text_column us_custom_31c12e0d\"><div class=\"wpb_wrapper\"><p style=\"text-align: center;\"><span style=\"font-size: 11px;\">Boutures de manioc replant\u00e9es au Laos suivant a la s\u00e9cheresse dans le M\u00e9kong (2019-2020). Erik Delaquis, Alliance Bioversity-CIAT (2022).<\/span><\/p>\n<\/div><\/div><\/div><\/div><\/div><div class=\"vc_col-sm-4 wpb_column vc_column_container\"><div class=\"vc_column-inner\"><div class=\"wpb_wrapper\"><div class=\"w-image align_center\"><div class=\"w-image-h\"><img decoding=\"async\" width=\"900\" height=\"700\" data-src=\"https:\/\/tools4seedsystems.org\/wp-content\/uploads\/2024\/05\/202405-spread-cassava-chips.png\" class=\"attachment-large size-large lazyload\" alt=\"\" data-srcset=\"https:\/\/tools4seedsystems.org\/wp-content\/uploads\/2024\/05\/202405-spread-cassava-chips.png 900w, https:\/\/tools4seedsystems.org\/wp-content\/uploads\/2024\/05\/202405-spread-cassava-chips-300x233.png 300w, https:\/\/tools4seedsystems.org\/wp-content\/uploads\/2024\/05\/202405-spread-cassava-chips-200x156.png 200w, https:\/\/tools4seedsystems.org\/wp-content\/uploads\/2024\/05\/202405-spread-cassava-chips-514x400.png 514w\" data-sizes=\"auto, (max-width: 900px) 100vw, 900px\" src=\"data:image\/svg+xml;base64,PHN2ZyB3aWR0aD0iMSIgaGVpZ2h0PSIxIiB4bWxucz0iaHR0cDovL3d3dy53My5vcmcvMjAwMC9zdmciPjwvc3ZnPg==\" style=\"--smush-placeholder-width: 900px; --smush-placeholder-aspect-ratio: 900\/700;\" \/><\/div><\/div><div class=\"w-separator size_small\"><\/div><div class=\"wpb_text_column us_custom_31c12e0d\"><div class=\"wpb_wrapper\"><p style=\"text-align: center;\"><span style=\"font-size: 11px;\">Une jeune fille utilise ses pieds pour r\u00e9pandre \u00e0 s\u00e9cher des tranches de manioc suivant la pire inondation pendant des si\u00e8cles au Cambodge. Erik Delaquis, Alliance Bioversity-CIAT (2022).<\/span><\/p>\n<\/div><\/div><\/div><\/div><\/div><div class=\"vc_col-sm-4 wpb_column vc_column_container\"><div class=\"vc_column-inner\"><div class=\"wpb_wrapper\"><div class=\"w-image align_center\"><div class=\"w-image-h\"><img decoding=\"async\" width=\"900\" height=\"700\" data-src=\"https:\/\/tools4seedsystems.org\/wp-content\/uploads\/2024\/05\/202405-Emergence-of-oca.png\" class=\"attachment-large size-large lazyload\" alt=\"\" data-srcset=\"https:\/\/tools4seedsystems.org\/wp-content\/uploads\/2024\/05\/202405-Emergence-of-oca.png 900w, https:\/\/tools4seedsystems.org\/wp-content\/uploads\/2024\/05\/202405-Emergence-of-oca-300x233.png 300w, https:\/\/tools4seedsystems.org\/wp-content\/uploads\/2024\/05\/202405-Emergence-of-oca-200x156.png 200w, https:\/\/tools4seedsystems.org\/wp-content\/uploads\/2024\/05\/202405-Emergence-of-oca-514x400.png 514w\" data-sizes=\"auto, (max-width: 900px) 100vw, 900px\" src=\"data:image\/svg+xml;base64,PHN2ZyB3aWR0aD0iMSIgaGVpZ2h0PSIxIiB4bWxucz0iaHR0cDovL3d3dy53My5vcmcvMjAwMC9zdmciPjwvc3ZnPg==\" style=\"--smush-placeholder-width: 900px; --smush-placeholder-aspect-ratio: 900\/700;\" \/><\/div><\/div><div class=\"w-separator size_small\"><\/div><div class=\"wpb_text_column us_custom_31c12e0d\"><div class=\"wpb_wrapper\"><p style=\"text-align: center;\"><span style=\"font-size: 11px;\">Pousse de Oca (Oxalis tuberosa, tubercule Andine) pendant la s\u00e9cheresse au P\u00e9rou en 2022. Israel Navarrete, Centro Internacional de la Papa (2022). <\/span><\/p>\n<\/div><\/div><\/div><\/div><\/div><\/div><div class=\"g-cols wpb_row via_flex valign_top type_default stacking_default\"><div class=\"vc_col-sm-12 wpb_column vc_column_container\"><div class=\"vc_column-inner\"><div class=\"wpb_wrapper\"><div class=\"w-separator size_medium\"><\/div><div class=\"wpb_text_column\"><div class=\"wpb_wrapper\"><p><span data-contrast=\"auto\">Les cultures RTB, incluant le manioc, la patate, la patate douce, la banana, et l\u2019igname, jouent un r\u00f4le pour soutenir les besoins des population affect\u00e9es par des crises humanitaires. Ces cultures sont appr\u00e9ci\u00e9es pour r\u00e9silience, cycles de production flexibles, et acceptabilit\u00e9 alimentaire chez les r\u00e9gimes paysannes. Par exemple, les patates douces, avec leur production cycle court, contenu \u00e9lev\u00e9 d\u2019\u00e9nergie et de vitamine A, soutiennent les families en regions touch\u00e9s par une catastrophe ou une mauvaise r\u00e9colte. De m\u00eame, les patates, avec leur maturit\u00e9 pr\u00e9coce et contenu \u00e9lev\u00e9 de nutriments, apportent une r\u00e9silience chez les communaut\u00e9s qui font face \u00e0 des p\u00e9nuries alimentaires.<\/span><span data-ccp-props=\"{&quot;201341983&quot;:0,&quot;335559739&quot;:160,&quot;335559740&quot;:259}\">\u00a0<\/span><\/p>\n<p><span data-contrast=\"auto\">Cependant, malgr\u00e9 leur potentiel, les interventions bas\u00e9es sur les cultures RTB se heurtent \u00e0 des limites importantes dans les contextes humanitaires. L\u2019acc\u00e8s limit\u00e9 aux semences de qualit\u00e9, une compr\u00e9hension insuffisante des syst\u00e8mes semenciers g\u00e9r\u00e9s par les agriculteurs, et les contraintes r\u00e9glementaires entravent la mise en \u0153uvre efficace des interventions humanitaires utilisant les cultures RTB.<\/span><span data-ccp-props=\"{&quot;201341983&quot;:0,&quot;335559739&quot;:160,&quot;335559740&quot;:259}\">\u00a0<\/span><\/p>\n<p><span data-contrast=\"auto\">Des exemples de la mani\u00e8re dont les RTB pourraient aider \u00e0 faire face aux crises humanitaires et aux moyens d\u2019am\u00e9liorer les syst\u00e8mes semenciers sont d\u00e9crits ci-dessous:<\/span><\/p>\n<\/div><\/div><\/div><\/div><\/div><\/div><div class=\"w-separator size_medium\"><\/div><div class=\"g-cols wpb_row via_flex valign_top type_default stacking_default\"><div class=\"vc_col-sm-4 wpb_column vc_column_container\"><div class=\"vc_column-inner\"><div class=\"wpb_wrapper\"><div class=\"w-image align_center\"><a href=\"https:\/\/cipotato.org\/blog\/uganda-refugee-host-communities-find-relief-stability-orange-fleshed-sweetpotato\/\" aria-label=\"202405-Tools4SeedSystems-Uganda\" class=\"w-image-h\"><img decoding=\"async\" width=\"800\" height=\"895\" data-src=\"https:\/\/tools4seedsystems.org\/wp-content\/uploads\/2024\/05\/202405-Tools4SeedSystems-Uganda-1.png\" class=\"attachment-large size-large lazyload\" alt=\"\" data-srcset=\"https:\/\/tools4seedsystems.org\/wp-content\/uploads\/2024\/05\/202405-Tools4SeedSystems-Uganda-1.png 800w, https:\/\/tools4seedsystems.org\/wp-content\/uploads\/2024\/05\/202405-Tools4SeedSystems-Uganda-1-268x300.png 268w, https:\/\/tools4seedsystems.org\/wp-content\/uploads\/2024\/05\/202405-Tools4SeedSystems-Uganda-1-179x200.png 179w, https:\/\/tools4seedsystems.org\/wp-content\/uploads\/2024\/05\/202405-Tools4SeedSystems-Uganda-1-358x400.png 358w\" data-sizes=\"auto, (max-width: 800px) 100vw, 800px\" src=\"data:image\/svg+xml;base64,PHN2ZyB3aWR0aD0iMSIgaGVpZ2h0PSIxIiB4bWxucz0iaHR0cDovL3d3dy53My5vcmcvMjAwMC9zdmciPjwvc3ZnPg==\" style=\"--smush-placeholder-width: 800px; --smush-placeholder-aspect-ratio: 800\/895;\" \/><\/a><\/div><\/div><\/div><\/div><div class=\"vc_col-sm-4 wpb_column vc_column_container\"><div class=\"vc_column-inner\"><div class=\"wpb_wrapper\"><div class=\"w-image align_center\"><a href=\"https:\/\/cipotato.org\/blog\/reaching-humanitarian-neglected-places-nutritious-resilient-sweetpotato-mozambique\/\" aria-label=\"202405-Tools4SeedSystems-Mozambique\" class=\"w-image-h\"><img decoding=\"async\" width=\"800\" height=\"895\" data-src=\"https:\/\/tools4seedsystems.org\/wp-content\/uploads\/2024\/05\/202405-Tools4SeedSystems-Mozambique.png\" class=\"attachment-large size-large lazyload\" alt=\"\" data-srcset=\"https:\/\/tools4seedsystems.org\/wp-content\/uploads\/2024\/05\/202405-Tools4SeedSystems-Mozambique.png 800w, https:\/\/tools4seedsystems.org\/wp-content\/uploads\/2024\/05\/202405-Tools4SeedSystems-Mozambique-268x300.png 268w, https:\/\/tools4seedsystems.org\/wp-content\/uploads\/2024\/05\/202405-Tools4SeedSystems-Mozambique-179x200.png 179w, https:\/\/tools4seedsystems.org\/wp-content\/uploads\/2024\/05\/202405-Tools4SeedSystems-Mozambique-358x400.png 358w\" data-sizes=\"auto, (max-width: 800px) 100vw, 800px\" src=\"data:image\/svg+xml;base64,PHN2ZyB3aWR0aD0iMSIgaGVpZ2h0PSIxIiB4bWxucz0iaHR0cDovL3d3dy53My5vcmcvMjAwMC9zdmciPjwvc3ZnPg==\" style=\"--smush-placeholder-width: 800px; --smush-placeholder-aspect-ratio: 800\/895;\" \/><\/a><\/div><\/div><\/div><\/div><div class=\"vc_col-sm-4 wpb_column vc_column_container\"><div class=\"vc_column-inner\"><div class=\"wpb_wrapper\"><div class=\"w-image align_center\"><a href=\"https:\/\/cipotato.org\/blog\/madagascar-anti-malnutrition-initiative-targeting-drought-affected-populations\/\" aria-label=\"202405-Tools4SeedSystems-Madagascar\" class=\"w-image-h\"><img decoding=\"async\" width=\"800\" height=\"895\" data-src=\"https:\/\/tools4seedsystems.org\/wp-content\/uploads\/2024\/05\/202405-Tools4SeedSystems-Madagascar-1.png\" class=\"attachment-large size-large lazyload\" alt=\"\" data-srcset=\"https:\/\/tools4seedsystems.org\/wp-content\/uploads\/2024\/05\/202405-Tools4SeedSystems-Madagascar-1.png 800w, https:\/\/tools4seedsystems.org\/wp-content\/uploads\/2024\/05\/202405-Tools4SeedSystems-Madagascar-1-268x300.png 268w, https:\/\/tools4seedsystems.org\/wp-content\/uploads\/2024\/05\/202405-Tools4SeedSystems-Madagascar-1-179x200.png 179w, https:\/\/tools4seedsystems.org\/wp-content\/uploads\/2024\/05\/202405-Tools4SeedSystems-Madagascar-1-358x400.png 358w\" data-sizes=\"auto, (max-width: 800px) 100vw, 800px\" src=\"data:image\/svg+xml;base64,PHN2ZyB3aWR0aD0iMSIgaGVpZ2h0PSIxIiB4bWxucz0iaHR0cDovL3d3dy53My5vcmcvMjAwMC9zdmciPjwvc3ZnPg==\" style=\"--smush-placeholder-width: 800px; --smush-placeholder-aspect-ratio: 800\/895;\" \/><\/a><\/div><\/div><\/div><\/div><\/div><div class=\"w-separator size_small\"><\/div><div class=\"g-cols wpb_row via_flex valign_top type_default stacking_default\"><div class=\"vc_col-sm-4 wpb_column vc_column_container\"><div class=\"vc_column-inner\"><div class=\"wpb_wrapper\"><div class=\"w-image align_center\"><a href=\"https:\/\/cipotato.org\/blog\/relief-group-travels-hundreds-kilometers-feed-school-children-cameroon\/\" aria-label=\"202405-Tools4SeedSystems-Uganda-Cameroon\" class=\"w-image-h\"><img decoding=\"async\" width=\"800\" height=\"895\" data-src=\"https:\/\/tools4seedsystems.org\/wp-content\/uploads\/2024\/05\/202405-Tools4SeedSystems-Uganda-Cameroon.png\" class=\"attachment-large size-large lazyload\" alt=\"\" data-srcset=\"https:\/\/tools4seedsystems.org\/wp-content\/uploads\/2024\/05\/202405-Tools4SeedSystems-Uganda-Cameroon.png 800w, https:\/\/tools4seedsystems.org\/wp-content\/uploads\/2024\/05\/202405-Tools4SeedSystems-Uganda-Cameroon-268x300.png 268w, https:\/\/tools4seedsystems.org\/wp-content\/uploads\/2024\/05\/202405-Tools4SeedSystems-Uganda-Cameroon-179x200.png 179w, https:\/\/tools4seedsystems.org\/wp-content\/uploads\/2024\/05\/202405-Tools4SeedSystems-Uganda-Cameroon-358x400.png 358w\" data-sizes=\"auto, (max-width: 800px) 100vw, 800px\" src=\"data:image\/svg+xml;base64,PHN2ZyB3aWR0aD0iMSIgaGVpZ2h0PSIxIiB4bWxucz0iaHR0cDovL3d3dy53My5vcmcvMjAwMC9zdmciPjwvc3ZnPg==\" style=\"--smush-placeholder-width: 800px; --smush-placeholder-aspect-ratio: 800\/895;\" \/><\/a><\/div><\/div><\/div><\/div><div class=\"vc_col-sm-4 wpb_column vc_column_container\"><div class=\"vc_column-inner\"><div class=\"wpb_wrapper\"><div class=\"w-image align_center\"><a href=\"https:\/\/cipotato.org\/blog\/haiti-improving-sweetpotato-seed-system-challenging-humanitarian-environment\/\" aria-label=\"202405-Tools4SeedSystems-Haiti\" class=\"w-image-h\"><img decoding=\"async\" width=\"800\" height=\"895\" data-src=\"https:\/\/tools4seedsystems.org\/wp-content\/uploads\/2024\/05\/202405-Tools4SeedSystems-Haiti.png\" class=\"attachment-large size-large lazyload\" alt=\"\" data-srcset=\"https:\/\/tools4seedsystems.org\/wp-content\/uploads\/2024\/05\/202405-Tools4SeedSystems-Haiti.png 800w, https:\/\/tools4seedsystems.org\/wp-content\/uploads\/2024\/05\/202405-Tools4SeedSystems-Haiti-268x300.png 268w, https:\/\/tools4seedsystems.org\/wp-content\/uploads\/2024\/05\/202405-Tools4SeedSystems-Haiti-179x200.png 179w, https:\/\/tools4seedsystems.org\/wp-content\/uploads\/2024\/05\/202405-Tools4SeedSystems-Haiti-358x400.png 358w\" data-sizes=\"auto, (max-width: 800px) 100vw, 800px\" src=\"data:image\/svg+xml;base64,PHN2ZyB3aWR0aD0iMSIgaGVpZ2h0PSIxIiB4bWxucz0iaHR0cDovL3d3dy53My5vcmcvMjAwMC9zdmciPjwvc3ZnPg==\" style=\"--smush-placeholder-width: 800px; --smush-placeholder-aspect-ratio: 800\/895;\" \/><\/a><\/div><\/div><\/div><\/div><div class=\"vc_col-sm-4 wpb_column vc_column_container\"><div class=\"vc_column-inner\"><div class=\"wpb_wrapper\"><div class=\"w-image align_center\"><a href=\"https:\/\/cipotato.org\/blog\/discovering-hope-potato-sweetpotato-technology-transforming-lives-ethiopia\/\" aria-label=\"202405-Tools4SeedSystems-Ethiopia\" class=\"w-image-h\"><img decoding=\"async\" width=\"800\" height=\"895\" data-src=\"https:\/\/tools4seedsystems.org\/wp-content\/uploads\/2024\/05\/202405-Tools4SeedSystems-Ethiopia.png\" class=\"attachment-large size-large lazyload\" alt=\"\" data-srcset=\"https:\/\/tools4seedsystems.org\/wp-content\/uploads\/2024\/05\/202405-Tools4SeedSystems-Ethiopia.png 800w, https:\/\/tools4seedsystems.org\/wp-content\/uploads\/2024\/05\/202405-Tools4SeedSystems-Ethiopia-268x300.png 268w, https:\/\/tools4seedsystems.org\/wp-content\/uploads\/2024\/05\/202405-Tools4SeedSystems-Ethiopia-179x200.png 179w, https:\/\/tools4seedsystems.org\/wp-content\/uploads\/2024\/05\/202405-Tools4SeedSystems-Ethiopia-358x400.png 358w\" data-sizes=\"auto, (max-width: 800px) 100vw, 800px\" src=\"data:image\/svg+xml;base64,PHN2ZyB3aWR0aD0iMSIgaGVpZ2h0PSIxIiB4bWxucz0iaHR0cDovL3d3dy53My5vcmcvMjAwMC9zdmciPjwvc3ZnPg==\" style=\"--smush-placeholder-width: 800px; --smush-placeholder-aspect-ratio: 800\/895;\" \/><\/a><\/div><\/div><\/div><\/div><\/div><div class=\"w-separator size_small\"><\/div><div class=\"g-cols wpb_row via_flex valign_top type_default stacking_default\"><div class=\"vc_col-sm-4 wpb_column vc_column_container\"><div class=\"vc_column-inner\"><div class=\"wpb_wrapper\"><div class=\"w-image align_center\"><a href=\"https:\/\/apsjournals.apsnet.org\/doi\/10.1094\/PHYTO-03-24-0079-FI?url_ver=Z39.88-2003&amp;rfr_id=ori:rid:crossref.org&amp;rfr_dat=cr_pub  0pubmed\" aria-label=\"202405-Tools4SeedSystems-Plant-pathology\" class=\"w-image-h\"><img decoding=\"async\" width=\"800\" height=\"895\" data-src=\"https:\/\/tools4seedsystems.org\/wp-content\/uploads\/2024\/05\/202405-Tools4SeedSystems-Plant-pathology.png\" class=\"attachment-large size-large lazyload\" alt=\"\" data-srcset=\"https:\/\/tools4seedsystems.org\/wp-content\/uploads\/2024\/05\/202405-Tools4SeedSystems-Plant-pathology.png 800w, https:\/\/tools4seedsystems.org\/wp-content\/uploads\/2024\/05\/202405-Tools4SeedSystems-Plant-pathology-268x300.png 268w, https:\/\/tools4seedsystems.org\/wp-content\/uploads\/2024\/05\/202405-Tools4SeedSystems-Plant-pathology-179x200.png 179w, https:\/\/tools4seedsystems.org\/wp-content\/uploads\/2024\/05\/202405-Tools4SeedSystems-Plant-pathology-358x400.png 358w\" data-sizes=\"auto, (max-width: 800px) 100vw, 800px\" src=\"data:image\/svg+xml;base64,PHN2ZyB3aWR0aD0iMSIgaGVpZ2h0PSIxIiB4bWxucz0iaHR0cDovL3d3dy53My5vcmcvMjAwMC9zdmciPjwvc3ZnPg==\" style=\"--smush-placeholder-width: 800px; --smush-placeholder-aspect-ratio: 800\/895;\" \/><\/a><\/div><\/div><\/div><\/div><div class=\"vc_col-sm-4 wpb_column vc_column_container\"><div class=\"vc_column-inner\"><div class=\"wpb_wrapper\"><div class=\"w-image align_center\"><a href=\"https:\/\/www.iita.org\/news-item\/iita-donates-seeds-renaissance-nigeria\/\" aria-label=\"202405-Tools4SeedSystems-news\" class=\"w-image-h\"><img decoding=\"async\" width=\"800\" height=\"895\" data-src=\"https:\/\/tools4seedsystems.org\/wp-content\/uploads\/2024\/05\/202405-Tools4SeedSystems-news.png\" class=\"attachment-large size-large lazyload\" alt=\"\" data-srcset=\"https:\/\/tools4seedsystems.org\/wp-content\/uploads\/2024\/05\/202405-Tools4SeedSystems-news.png 800w, https:\/\/tools4seedsystems.org\/wp-content\/uploads\/2024\/05\/202405-Tools4SeedSystems-news-268x300.png 268w, https:\/\/tools4seedsystems.org\/wp-content\/uploads\/2024\/05\/202405-Tools4SeedSystems-news-179x200.png 179w, https:\/\/tools4seedsystems.org\/wp-content\/uploads\/2024\/05\/202405-Tools4SeedSystems-news-358x400.png 358w\" data-sizes=\"auto, (max-width: 800px) 100vw, 800px\" src=\"data:image\/svg+xml;base64,PHN2ZyB3aWR0aD0iMSIgaGVpZ2h0PSIxIiB4bWxucz0iaHR0cDovL3d3dy53My5vcmcvMjAwMC9zdmciPjwvc3ZnPg==\" style=\"--smush-placeholder-width: 800px; --smush-placeholder-aspect-ratio: 800\/895;\" \/><\/a><\/div><\/div><\/div><\/div><div class=\"vc_col-sm-4 wpb_column vc_column_container\"><div class=\"vc_column-inner\"><div class=\"wpb_wrapper\"><\/div><\/div><\/div><\/div><div class=\"g-cols wpb_row via_flex valign_top type_default stacking_default\"><div class=\"vc_col-sm-12 wpb_column vc_column_container\"><div class=\"vc_column-inner\"><div class=\"wpb_wrapper\"><div class=\"w-separator size_medium\"><\/div><div class=\"wpb_text_column\"><div class=\"wpb_wrapper\"><p>Pour plus d&rsquo;informations sur l&rsquo;utilisation des cultures RTB dans les contextes humanitaires, veuillez contacter :<\/p>\n<\/div><\/div><div class=\"wpb_text_column\"><div class=\"wpb_wrapper\"><p><strong>Frederick Grant<\/strong><\/p>\n<\/div><\/div><div class=\"w-contacts\"><div class=\"w-contacts-list\"><div class=\"w-contacts-item for_email\"><span class=\"w-contacts-item-value\"><a href=\"mailto:F.Grant@cgiar.org\">F.Grant@cgiar.org<\/a><\/span><\/div><\/div><\/div><\/div><\/div><\/div><\/div><\/div><\/div><\/div><\/div><\/div><\/section><section class=\"l-section wpb_row height_small\"><div class=\"l-section-h i-cf\"><div class=\"g-cols vc_row via_flex valign_top type_default stacking_default\"><div class=\"vc_col-sm-12 wpb_column vc_column_container\"><div class=\"vc_column-inner\"><div class=\"wpb_wrapper\"><div class=\"wpb_text_column\"><div class=\"wpb_wrapper\"><pre>\u00c9crit par : Fleur Kilwinger, Erik Delaquis, Israel Navarrete, and Jorge Andrade-Piedra<\/pre>\n<\/div><\/div><\/div><\/div><\/div><\/div><\/div><\/section>\n","protected":false},"excerpt":{"rendered":"Dans les contextes humanitaires, o\u00f9 les communaut\u00e9s sont aux prises avec des conflits, des catastrophes naturelles et des d\u00e9placements, l\u2019acc\u00e8s \u00e0 des sources alimentaires stables est souvent pr\u00e9caire. Les cultures de racines, tubercules et bananes (RTB) sont des bou\u00e9es de sauvetage vitales dans ces contextes, offrant subsistance, r\u00e9silience et espoir pour la reconstruction des communaut\u00e9s...","protected":false},"author":5,"featured_media":0,"parent":0,"menu_order":0,"comment_status":"closed","ping_status":"closed","template":"","meta":{"_acf_changed":false,"footnotes":""},"class_list":["post-7892","page","type-page","status-publish","hentry"],"acf":[],"_links":{"self":[{"href":"https:\/\/tools4seedsystems.org\/fr\/wp-json\/wp\/v2\/pages\/7892","targetHints":{"allow":["GET"]}}],"collection":[{"href":"https:\/\/tools4seedsystems.org\/fr\/wp-json\/wp\/v2\/pages"}],"about":[{"href":"https:\/\/tools4seedsystems.org\/fr\/wp-json\/wp\/v2\/types\/page"}],"author":[{"embeddable":true,"href":"https:\/\/tools4seedsystems.org\/fr\/wp-json\/wp\/v2\/users\/5"}],"replies":[{"embeddable":true,"href":"https:\/\/tools4seedsystems.org\/fr\/wp-json\/wp\/v2\/comments?post=7892"}],"version-history":[{"count":0,"href":"https:\/\/tools4seedsystems.org\/fr\/wp-json\/wp\/v2\/pages\/7892\/revisions"}],"wp:attachment":[{"href":"https:\/\/tools4seedsystems.org\/fr\/wp-json\/wp\/v2\/media?parent=7892"}],"curies":[{"name":"wp","href":"https:\/\/api.w.org\/{rel}","templated":true}]}}