{"id":8221,"date":"2020-12-07T23:26:12","date_gmt":"2020-12-07T23:26:12","guid":{"rendered":"https:\/\/tools4seedsystems.org\/?page_id=8221"},"modified":"2024-09-12T15:17:44","modified_gmt":"2024-09-12T15:17:44","slug":"le-cycle-du-projet","status":"publish","type":"page","link":"https:\/\/tools4seedsystems.org\/fr\/le-cycle-du-projet\/","title":{"rendered":"LE CYCLE DU PROJET"},"content":{"rendered":"<section class=\"l-section wpb_row height_medium\"><div class=\"l-section-h i-cf\"><div class=\"g-cols vc_row via_flex valign_top type_default stacking_default\"><div class=\"vc_col-sm-12 wpb_column vc_column_container\"><div class=\"vc_column-inner\"><div class=\"wpb_wrapper\"><div class=\"w-image align_center\"><div class=\"w-image-h\"><img decoding=\"async\" width=\"1000\" height=\"500\" data-src=\"https:\/\/tools4seedsystems.org\/wp-content\/uploads\/2024\/08\/202408-FR-Cycle-d-intervention.png\" class=\"attachment-full size-full lazyload\" alt=\"\" data-srcset=\"https:\/\/tools4seedsystems.org\/wp-content\/uploads\/2024\/08\/202408-FR-Cycle-d-intervention.png 1000w, https:\/\/tools4seedsystems.org\/wp-content\/uploads\/2024\/08\/202408-FR-Cycle-d-intervention-300x150.png 300w, https:\/\/tools4seedsystems.org\/wp-content\/uploads\/2024\/08\/202408-FR-Cycle-d-intervention-200x100.png 200w, https:\/\/tools4seedsystems.org\/wp-content\/uploads\/2024\/08\/202408-FR-Cycle-d-intervention-600x300.png 600w\" data-sizes=\"auto, (max-width: 1000px) 100vw, 1000px\" src=\"data:image\/svg+xml;base64,PHN2ZyB3aWR0aD0iMSIgaGVpZ2h0PSIxIiB4bWxucz0iaHR0cDovL3d3dy53My5vcmcvMjAwMC9zdmciPjwvc3ZnPg==\" style=\"--smush-placeholder-width: 1000px; --smush-placeholder-aspect-ratio: 1000\/500;\" \/><\/div><\/div><div class=\"w-separator size_small\"><\/div><div class=\"g-cols wpb_row us_custom_62f661de via_flex valign_top type_default stacking_default\"><div class=\"vc_col-sm-6 wpb_column vc_column_container\"><div class=\"vc_column-inner\"><div class=\"wpb_wrapper\"><div class=\"wpb_text_column\"><div class=\"wpb_wrapper\"><p><a href=\"https:\/\/tools4seedsystems.org\/fr\/tools\/cadre-multipartite-pour-intervenir-dans-les-systemes-semenciers-de-racines-de-tubercules-et-de-bananes\/\" target=\"_blank\" rel=\"noopener\">1. Cadre multipartite<\/a><br \/>\n<a href=\"https:\/\/tools4seedsystems.org\/fr\/tools\/analyse-des-reseaux-dimpact-ina\/\" target=\"_blank\" rel=\"noopener\">2. Analyse des r\u00e9seaux d\u2019impact (INA)<\/a><br \/>\n<a href=\"https:\/\/tools4seedsystems.org\/fr\/tools\/seed-tracker-de-manioc\/\" target=\"_blank\" rel=\"noopener\">3. Seed tracker<\/a><br \/>\n<a href=\"https:\/\/tools4seedsystems.org\/fr\/tools\/approches-et-modeles-integres-pour-la-sante-des-semences\/\" target=\"_blank\" rel=\"noopener\">4. Mod\u00e8le de sant\u00e9 des semences<\/a><br \/>\n<a href=\"https:\/\/tools4seedsystems.org\/fr\/tools\/analyse-de-circulation-de-semences\/\" target=\"_blank\" rel=\"noopener\">5. Analyse de circulation de semences<\/a><br \/>\n<a href=\"https:\/\/tools4seedsystems.org\/fr\/tools\/etude-de-cas-exploratoire-a-petite-echelle\/\" target=\"_blank\" rel=\"noopener\">6. \u00c9tude de cas exploratoire \u00e0 petite \u00e9chelle<\/a><\/p>\n<\/div><\/div><\/div><\/div><\/div><div class=\"vc_col-sm-6 wpb_column vc_column_container\"><div class=\"vc_column-inner\"><div class=\"wpb_wrapper\"><div class=\"wpb_text_column\"><div class=\"wpb_wrapper\"><p><a href=\"https:\/\/tools4seedsystems.org\/fr\/tools\/methode-des-quatre-carres\/\" target=\"_blank\" rel=\"noopener\">7. M\u00e9thode de quatre carr\u00e9s<\/a><br \/>\n<a href=\"https:\/\/tools4seedsystems.org\/fr\/tools\/analyse-de-chainages-cognitifs\/\" target=\"_blank\" rel=\"noopener\">8. Analyse de cha\u00eenages cognitifs<\/a><br \/>\n<a href=\"https:\/\/tools4seedsystems.org\/fr\/tools\/encheres-experimentales\/\" target=\"_blank\" rel=\"noopener\">9. Ench\u00e8res exp\u00e9rimentales<\/a><br \/>\n<a href=\"https:\/\/tools4seedsystems.org\/fr\/tools\/analyse-du-cadre-reglementaire-des-semences\/\" target=\"_blank\" rel=\"noopener\">10. Analyse du cadre r\u00e9glementaire des semences<\/a><br \/>\n<a href=\"https:\/\/tools4seedsystems.org\/fr\/tools\/outil-danalyse-de-la-durabilite-des-entreprises-de-production-de-semences-de-premiere-generation-segsbat\/\" target=\"_blank\" rel=\"noopener\">11. Outil d\u2019analyse de la durabilit\u00e9 des entreprises de production de semences de premi\u00e8re g\u00e9n\u00e9ration<\/a><br \/>\n<a href=\"https:\/\/tools4seedsystems.org\/fr\/tools\/glossaire-des-systemes-de-semences-de-racines-tubercules-et-bananes\/\" target=\"_blank\" rel=\"noopener\">12. Glossaire des syst\u00e8mes de semences de racines, tubercules et bananes<\/a><\/p>\n<\/div><\/div><\/div><\/div><\/div><\/div><div class=\"w-separator size_small\"><\/div><div class=\"wpb_text_column\"><div class=\"wpb_wrapper\"><div class=\"wpb_text_column\">\n<div class=\"wpb_wrapper\">\n<div class=\"wpb_text_column\">\n<div class=\"wpb_wrapper\">\n<p style=\"text-align: center;\"><span data-contrast=\"auto\">Repr\u00e9sentation sch\u00e9matique d\u2019un cycle de projet. Les chiffres dans les carr\u00e9s font r\u00e9f\u00e9rence aux outils qui peuvent \u00eatre utilis\u00e9s \u00e0 diff\u00e9rentes \u00e9tapes. Cliquez sur le nom de chaque outil pour obtenir des informations d\u00e9taill\u00e9es.<\/span><span data-ccp-props=\"{&quot;201341983&quot;:0,&quot;335551550&quot;:6,&quot;335551620&quot;:6,&quot;335559739&quot;:160,&quot;335559740&quot;:259}\">\u00a0<\/span><\/p>\n<\/div>\n<\/div>\n<p><span data-contrast=\"auto\">Un projet de syst\u00e8me de semences comprend plusieurs phases\u202f: le diagnostic, la conception, la mise en \u0153uvre, le suivi et l\u2019analyse de sc\u00e9narios, comme le montre la figure ci-dessus. Chaque phase peut n\u00e9cessiter diff\u00e9rents types d\u2019informations. Les outils peuvent jouer un r\u00f4le \u00e0 diff\u00e9rents moments du cycle du projet et peuvent aider \u00e0 montrer les changements dans le syst\u00e8me semencier au fur et \u00e0 mesure que le projet passe du diagnostic, \u00e0 la conception, \u00e0 la mise en \u0153uvre et au suivi. Pour l\u2019analyse de sc\u00e9narios, une approche de mod\u00e9lisation est g\u00e9n\u00e9ralement suivie.<\/span><span data-ccp-props=\"{&quot;201341983&quot;:0,&quot;335551550&quot;:6,&quot;335551620&quot;:6,&quot;335559739&quot;:160,&quot;335559740&quot;:259}\">\u00a0<\/span><\/p>\n<p><span data-contrast=\"auto\">Le <\/span><a href=\"https:\/\/tools4seedsystems.org\/fr\/le-systeme-semencier\/\"><b><span data-contrast=\"none\">syst\u00e8me semencier <\/span><\/b><\/a><span data-contrast=\"auto\">est un autre point d\u2019entr\u00e9e pour choisir le bon outil.<\/span><span data-ccp-props=\"{&quot;201341983&quot;:0,&quot;335551550&quot;:6,&quot;335551620&quot;:6,&quot;335559739&quot;:160,&quot;335559740&quot;:259}\">\u00a0<\/span><\/p>\n<\/div>\n<\/div>\n<\/div><\/div><\/div><\/div><\/div><\/div><\/div><\/section>\n","protected":false},"excerpt":{"rendered":"1. Cadre multipartite 2. Analyse des r\u00e9seaux d\u2019impact (INA) 3. Seed tracker 4. Mod\u00e8le de sant\u00e9 des semences 5. Analyse de circulation de semences 6. \u00c9tude de cas exploratoire \u00e0 petite \u00e9chelle 7. M\u00e9thode de quatre carr\u00e9s 8. Analyse de cha\u00eenages cognitifs 9. Ench\u00e8res exp\u00e9rimentales 10. Analyse du cadre r\u00e9glementaire des semences 11. Outil d\u2019analyse...","protected":false},"author":5,"featured_media":0,"parent":0,"menu_order":0,"comment_status":"closed","ping_status":"closed","template":"","meta":{"_acf_changed":false,"footnotes":""},"class_list":["post-8221","page","type-page","status-publish","hentry"],"acf":[],"_links":{"self":[{"href":"https:\/\/tools4seedsystems.org\/fr\/wp-json\/wp\/v2\/pages\/8221","targetHints":{"allow":["GET"]}}],"collection":[{"href":"https:\/\/tools4seedsystems.org\/fr\/wp-json\/wp\/v2\/pages"}],"about":[{"href":"https:\/\/tools4seedsystems.org\/fr\/wp-json\/wp\/v2\/types\/page"}],"author":[{"embeddable":true,"href":"https:\/\/tools4seedsystems.org\/fr\/wp-json\/wp\/v2\/users\/5"}],"replies":[{"embeddable":true,"href":"https:\/\/tools4seedsystems.org\/fr\/wp-json\/wp\/v2\/comments?post=8221"}],"version-history":[{"count":0,"href":"https:\/\/tools4seedsystems.org\/fr\/wp-json\/wp\/v2\/pages\/8221\/revisions"}],"wp:attachment":[{"href":"https:\/\/tools4seedsystems.org\/fr\/wp-json\/wp\/v2\/media?parent=8221"}],"curies":[{"name":"wp","href":"https:\/\/api.w.org\/{rel}","templated":true}]}}