{"id":8226,"date":"2023-08-04T13:04:03","date_gmt":"2023-08-04T13:04:03","guid":{"rendered":"https:\/\/tools4seedsystems.org\/?page_id=8226"},"modified":"2024-10-12T08:09:41","modified_gmt":"2024-10-12T08:09:41","slug":"actualite-et-evenements","status":"publish","type":"page","link":"https:\/\/tools4seedsystems.org\/fr\/actualite-et-evenements\/","title":{"rendered":"ACTUALIT\u00c9 ET \u00c9V\u00c9NEMENTS"},"content":{"rendered":"<section class=\"l-section wpb_row height_small\"><div class=\"l-section-h i-cf\"><div class=\"g-cols vc_row via_flex valign_top type_default stacking_default\"><div class=\"vc_col-sm-12 wpb_column vc_column_container\"><div class=\"vc_column-inner\"><div class=\"wpb_wrapper\"><div class=\"wpb_text_column us_custom_747c6124 hide_on_mobiles\"><div class=\"wpb_wrapper\"><h2>\u00c9V\u00c9NEMENTS \u00c0 VENIR<\/h2>\n<\/div><\/div><div class=\"wpb_text_column us_custom_2381e58b hide_on_default hide_on_laptops hide_on_tablets\"><div class=\"wpb_wrapper\"><h4>\u00c9V\u00c9NEMENTS \u00c0 VENIR<\/h4>\n<\/div><\/div><div class=\"w-separator size_custom with_line width_default thick_2 style_solid color_border align_center\" style=\"height:1PX\"><div class=\"w-separator-h\"><\/div><\/div><div class=\"w-separator size_medium\"><\/div><\/div><\/div><\/div><div class=\"vc_col-sm-4 wpb_column vc_column_container\"><div class=\"vc_column-inner\"><div class=\"wpb_wrapper\"><div class=\"w-image align_center\"><a href=\"https:\/\/tools4seedsystems.org\/fr\/decouvrez-tools4seedsystems-version-francaise\/\" aria-label=\"202410-Launch-web-frances\" class=\"w-image-h\"><img decoding=\"async\" width=\"600\" height=\"671\" data-src=\"https:\/\/tools4seedsystems.org\/wp-content\/uploads\/2024\/10\/202410-Launch-web-frances.png\" class=\"attachment-large size-large lazyload\" alt=\"\" data-srcset=\"https:\/\/tools4seedsystems.org\/wp-content\/uploads\/2024\/10\/202410-Launch-web-frances.png 600w, https:\/\/tools4seedsystems.org\/wp-content\/uploads\/2024\/10\/202410-Launch-web-frances-268x300.png 268w, https:\/\/tools4seedsystems.org\/wp-content\/uploads\/2024\/10\/202410-Launch-web-frances-179x200.png 179w, https:\/\/tools4seedsystems.org\/wp-content\/uploads\/2024\/10\/202410-Launch-web-frances-358x400.png 358w, https:\/\/tools4seedsystems.org\/wp-content\/uploads\/2024\/10\/202410-Launch-web-frances-152x170.png 152w, https:\/\/tools4seedsystems.org\/wp-content\/uploads\/2024\/10\/202410-Launch-web-frances-116x130.png 116w, https:\/\/tools4seedsystems.org\/wp-content\/uploads\/2024\/10\/202410-Launch-web-frances-170x190.png 170w\" data-sizes=\"auto, (max-width: 600px) 100vw, 600px\" src=\"data:image\/svg+xml;base64,PHN2ZyB3aWR0aD0iMSIgaGVpZ2h0PSIxIiB4bWxucz0iaHR0cDovL3d3dy53My5vcmcvMjAwMC9zdmciPjwvc3ZnPg==\" style=\"--smush-placeholder-width: 600px; --smush-placeholder-aspect-ratio: 600\/671;\" \/><\/a><\/div><\/div><\/div><\/div><div class=\"vc_col-sm-4 wpb_column vc_column_container\"><div class=\"vc_column-inner\"><div class=\"wpb_wrapper\"><\/div><\/div><\/div><div class=\"vc_col-sm-4 wpb_column vc_column_container\"><div class=\"vc_column-inner\"><div class=\"wpb_wrapper\"><\/div><\/div><\/div><\/div><\/div><\/section><section class=\"l-section wpb_row height_small\"><div class=\"l-section-h i-cf\"><div class=\"g-cols vc_row via_flex valign_top type_default stacking_default\"><div class=\"vc_col-sm-12 wpb_column vc_column_container\"><div class=\"vc_column-inner\"><div class=\"wpb_wrapper\"><div class=\"wpb_text_column us_custom_2381e58b hide_on_mobiles\"><div class=\"wpb_wrapper\"><h2>\u00c9V\u00c9NEMENTS PASS\u00c9S<\/h2>\n<\/div><\/div><div class=\"wpb_text_column us_custom_2381e58b hide_on_default hide_on_laptops hide_on_tablets\"><div class=\"wpb_wrapper\"><h4>\u00c9V\u00c9NEMENTS PASS\u00c9S<\/h4>\n<\/div><\/div><div class=\"w-separator size_custom with_line width_default thick_2 style_solid color_border align_center\" style=\"height:1PX\"><div class=\"w-separator-h\"><\/div><\/div><div class=\"w-separator size_medium\"><\/div><\/div><\/div><\/div><div class=\"vc_col-sm-12 wpb_column vc_column_container\"><div class=\"vc_column-inner\"><div class=\"wpb_wrapper\"><div class=\"g-cols wpb_row via_flex valign_top type_default stacking_default\"><div class=\"vc_col-sm-4 wpb_column vc_column_container\"><div class=\"vc_column-inner\"><div class=\"wpb_wrapper\"><div class=\"w-image align_none\"><a href=\"https:\/\/cipotato.org\/event\/rtb-toolbox-working-root-tuber-banana-seed-systems\/\" aria-label=\"202110-RTB-Toolbox-FR\" class=\"w-image-h\"><img decoding=\"async\" width=\"600\" height=\"671\" data-src=\"https:\/\/tools4seedsystems.org\/wp-content\/uploads\/2024\/09\/202110-RTB-Toolbox-FR.png\" class=\"attachment-large size-large lazyload\" alt=\"\" data-srcset=\"https:\/\/tools4seedsystems.org\/wp-content\/uploads\/2024\/09\/202110-RTB-Toolbox-FR.png 600w, https:\/\/tools4seedsystems.org\/wp-content\/uploads\/2024\/09\/202110-RTB-Toolbox-FR-268x300.png 268w, https:\/\/tools4seedsystems.org\/wp-content\/uploads\/2024\/09\/202110-RTB-Toolbox-FR-179x200.png 179w, https:\/\/tools4seedsystems.org\/wp-content\/uploads\/2024\/09\/202110-RTB-Toolbox-FR-358x400.png 358w, https:\/\/tools4seedsystems.org\/wp-content\/uploads\/2024\/09\/202110-RTB-Toolbox-FR-152x170.png 152w, https:\/\/tools4seedsystems.org\/wp-content\/uploads\/2024\/09\/202110-RTB-Toolbox-FR-116x130.png 116w\" data-sizes=\"auto, (max-width: 600px) 100vw, 600px\" src=\"data:image\/svg+xml;base64,PHN2ZyB3aWR0aD0iMSIgaGVpZ2h0PSIxIiB4bWxucz0iaHR0cDovL3d3dy53My5vcmcvMjAwMC9zdmciPjwvc3ZnPg==\" style=\"--smush-placeholder-width: 600px; --smush-placeholder-aspect-ratio: 600\/671;\" \/><\/a><\/div><div class=\"w-separator size_medium\"><\/div><\/div><\/div><\/div><div class=\"vc_col-sm-4 wpb_column vc_column_container\"><div class=\"vc_column-inner\"><div class=\"wpb_wrapper\"><div class=\"w-image align_none\"><a href=\"https:\/\/cipotato.org\/event\/rtb-toolbox-building-better-seed-future\/\" aria-label=\"202307-building-better-seed-future-FR\" class=\"w-image-h\"><img decoding=\"async\" width=\"600\" height=\"671\" data-src=\"https:\/\/tools4seedsystems.org\/wp-content\/uploads\/2024\/09\/202307-building-better-seed-future-FR.png\" class=\"attachment-large size-large lazyload\" alt=\"\" data-srcset=\"https:\/\/tools4seedsystems.org\/wp-content\/uploads\/2024\/09\/202307-building-better-seed-future-FR.png 600w, https:\/\/tools4seedsystems.org\/wp-content\/uploads\/2024\/09\/202307-building-better-seed-future-FR-268x300.png 268w, https:\/\/tools4seedsystems.org\/wp-content\/uploads\/2024\/09\/202307-building-better-seed-future-FR-179x200.png 179w, https:\/\/tools4seedsystems.org\/wp-content\/uploads\/2024\/09\/202307-building-better-seed-future-FR-358x400.png 358w, https:\/\/tools4seedsystems.org\/wp-content\/uploads\/2024\/09\/202307-building-better-seed-future-FR-152x170.png 152w, https:\/\/tools4seedsystems.org\/wp-content\/uploads\/2024\/09\/202307-building-better-seed-future-FR-116x130.png 116w\" data-sizes=\"auto, (max-width: 600px) 100vw, 600px\" src=\"data:image\/svg+xml;base64,PHN2ZyB3aWR0aD0iMSIgaGVpZ2h0PSIxIiB4bWxucz0iaHR0cDovL3d3dy53My5vcmcvMjAwMC9zdmciPjwvc3ZnPg==\" style=\"--smush-placeholder-width: 600px; --smush-placeholder-aspect-ratio: 600\/671;\" \/><\/a><\/div><div class=\"w-separator size_medium\"><\/div><\/div><\/div><\/div><div class=\"vc_col-sm-4 wpb_column vc_column_container\"><div class=\"vc_column-inner\"><div class=\"wpb_wrapper\"><div class=\"w-image align_none\"><a href=\"https:\/\/cipotato.org\/event\/rtb-toolkit-impact-network-analysis\/\" aria-label=\"202105-Impact-network-analysis-FR\" class=\"w-image-h\"><img decoding=\"async\" width=\"600\" height=\"671\" data-src=\"https:\/\/tools4seedsystems.org\/wp-content\/uploads\/2024\/09\/202105-Impact-network-analysis-FR.png\" class=\"attachment-large size-large lazyload\" alt=\"\" data-srcset=\"https:\/\/tools4seedsystems.org\/wp-content\/uploads\/2024\/09\/202105-Impact-network-analysis-FR.png 600w, https:\/\/tools4seedsystems.org\/wp-content\/uploads\/2024\/09\/202105-Impact-network-analysis-FR-268x300.png 268w, https:\/\/tools4seedsystems.org\/wp-content\/uploads\/2024\/09\/202105-Impact-network-analysis-FR-179x200.png 179w, https:\/\/tools4seedsystems.org\/wp-content\/uploads\/2024\/09\/202105-Impact-network-analysis-FR-358x400.png 358w, https:\/\/tools4seedsystems.org\/wp-content\/uploads\/2024\/09\/202105-Impact-network-analysis-FR-152x170.png 152w, https:\/\/tools4seedsystems.org\/wp-content\/uploads\/2024\/09\/202105-Impact-network-analysis-FR-116x130.png 116w\" data-sizes=\"auto, (max-width: 600px) 100vw, 600px\" src=\"data:image\/svg+xml;base64,PHN2ZyB3aWR0aD0iMSIgaGVpZ2h0PSIxIiB4bWxucz0iaHR0cDovL3d3dy53My5vcmcvMjAwMC9zdmciPjwvc3ZnPg==\" style=\"--smush-placeholder-width: 600px; --smush-placeholder-aspect-ratio: 600\/671;\" \/><\/a><\/div><div class=\"w-separator size_medium\"><\/div><\/div><\/div><\/div><\/div><div class=\"g-cols wpb_row via_flex valign_top type_default stacking_default\"><div class=\"vc_col-sm-4 wpb_column vc_column_container\"><div class=\"vc_column-inner\"><div class=\"wpb_wrapper\"><div class=\"w-image align_none\"><a href=\"https:\/\/cipotato.org\/event\/training-on-apical-rooted-cuttings-for-potato-seed-production\/\" aria-label=\"202103-Toolbox-for-working-Root-tuber-banana-FR\" class=\"w-image-h\"><img decoding=\"async\" width=\"600\" height=\"671\" data-src=\"https:\/\/tools4seedsystems.org\/wp-content\/uploads\/2024\/09\/202103-Toolbox-for-working-Root-tuber-banana-FR.png\" class=\"attachment-large size-large lazyload\" alt=\"\" data-srcset=\"https:\/\/tools4seedsystems.org\/wp-content\/uploads\/2024\/09\/202103-Toolbox-for-working-Root-tuber-banana-FR.png 600w, https:\/\/tools4seedsystems.org\/wp-content\/uploads\/2024\/09\/202103-Toolbox-for-working-Root-tuber-banana-FR-268x300.png 268w, https:\/\/tools4seedsystems.org\/wp-content\/uploads\/2024\/09\/202103-Toolbox-for-working-Root-tuber-banana-FR-179x200.png 179w, https:\/\/tools4seedsystems.org\/wp-content\/uploads\/2024\/09\/202103-Toolbox-for-working-Root-tuber-banana-FR-358x400.png 358w, https:\/\/tools4seedsystems.org\/wp-content\/uploads\/2024\/09\/202103-Toolbox-for-working-Root-tuber-banana-FR-152x170.png 152w, https:\/\/tools4seedsystems.org\/wp-content\/uploads\/2024\/09\/202103-Toolbox-for-working-Root-tuber-banana-FR-116x130.png 116w\" data-sizes=\"auto, (max-width: 600px) 100vw, 600px\" src=\"data:image\/svg+xml;base64,PHN2ZyB3aWR0aD0iMSIgaGVpZ2h0PSIxIiB4bWxucz0iaHR0cDovL3d3dy53My5vcmcvMjAwMC9zdmciPjwvc3ZnPg==\" style=\"--smush-placeholder-width: 600px; --smush-placeholder-aspect-ratio: 600\/671;\" \/><\/a><\/div><\/div><\/div><\/div><div class=\"vc_col-sm-4 wpb_column vc_column_container\"><div class=\"vc_column-inner\"><div class=\"wpb_wrapper\"><\/div><\/div><\/div><div class=\"vc_col-sm-4 wpb_column vc_column_container\"><div class=\"vc_column-inner\"><div class=\"wpb_wrapper\"><\/div><\/div><\/div><\/div><\/div><\/div><\/div><\/div><\/div><\/section>\n","protected":false},"excerpt":{"rendered":"\u00c9V\u00c9NEMENTS \u00c0 VENIR \u00c9V\u00c9NEMENTS \u00c0 VENIR \u00c9V\u00c9NEMENTS PASS\u00c9S \u00c9V\u00c9NEMENTS PASS\u00c9S","protected":false},"author":5,"featured_media":0,"parent":0,"menu_order":0,"comment_status":"closed","ping_status":"closed","template":"","meta":{"_acf_changed":false,"footnotes":""},"class_list":["post-8226","page","type-page","status-publish","hentry"],"acf":[],"_links":{"self":[{"href":"https:\/\/tools4seedsystems.org\/fr\/wp-json\/wp\/v2\/pages\/8226","targetHints":{"allow":["GET"]}}],"collection":[{"href":"https:\/\/tools4seedsystems.org\/fr\/wp-json\/wp\/v2\/pages"}],"about":[{"href":"https:\/\/tools4seedsystems.org\/fr\/wp-json\/wp\/v2\/types\/page"}],"author":[{"embeddable":true,"href":"https:\/\/tools4seedsystems.org\/fr\/wp-json\/wp\/v2\/users\/5"}],"replies":[{"embeddable":true,"href":"https:\/\/tools4seedsystems.org\/fr\/wp-json\/wp\/v2\/comments?post=8226"}],"version-history":[{"count":0,"href":"https:\/\/tools4seedsystems.org\/fr\/wp-json\/wp\/v2\/pages\/8226\/revisions"}],"wp:attachment":[{"href":"https:\/\/tools4seedsystems.org\/fr\/wp-json\/wp\/v2\/media?parent=8226"}],"curies":[{"name":"wp","href":"https:\/\/api.w.org\/{rel}","templated":true}]}}